{"id":2,"date":"2026-02-09T07:54:55","date_gmt":"2026-02-09T07:54:55","guid":{"rendered":"https:\/\/bodegonlacanada.rkinformatika.online\/?page_id=2"},"modified":"2026-02-26T12:15:59","modified_gmt":"2026-02-26T12:15:59","slug":"inicio","status":"publish","type":"page","link":"https:\/\/bodegonlacanada.com\/en\/","title":{"rendered":"Home"},"content":{"rendered":"<div data-elementor-type=\"wp-page\" data-elementor-id=\"2\" class=\"elementor elementor-2\" data-elementor-post-type=\"page\">\n\t\t\t\t<div class=\"elementor-element elementor-element-508473c e-con-full e-flex e-con e-parent\" data-id=\"508473c\" data-element_type=\"container\" data-e-type=\"container\" data-settings=\"{&quot;background_background&quot;:&quot;classic&quot;}\">\n\t\t\t\t<div class=\"elementor-element elementor-element-51ec7b6 elementor-invisible elementor-widget elementor-widget-heading\" data-id=\"51ec7b6\" data-element_type=\"widget\" data-e-type=\"widget\" data-settings=\"{&quot;_animation&quot;:&quot;fadeIn&quot;,&quot;_animation_tablet&quot;:&quot;fadeIn&quot;,&quot;_animation_mobile&quot;:&quot;fadeIn&quot;}\" data-widget_type=\"heading.default\">\n\t\t\t\t\t<h2 class=\"elementor-heading-title elementor-size-default\">Bodeg\u00f3n La Ca\u00f1ada<\/h2>\t\t\t\t<\/div>\n\t\t\t\t<\/div>\n\t\t<div class=\"elementor-element elementor-element-ef9f0af e-flex e-con-boxed e-con e-parent\" data-id=\"ef9f0af\" data-element_type=\"container\" data-e-type=\"container\">\n\t\t\t\t\t<div class=\"e-con-inner\">\n\t\t<div class=\"elementor-element elementor-element-7699985 e-con-full e-flex e-con e-child\" data-id=\"7699985\" data-element_type=\"container\" data-e-type=\"container\">\n\t\t\t\t<div class=\"elementor-element elementor-element-855b423 elementor-widget elementor-widget-heading\" data-id=\"855b423\" data-element_type=\"widget\" data-e-type=\"widget\" data-widget_type=\"heading.default\">\n\t\t\t\t\t<h2 class=\"elementor-heading-title elementor-size-default\">Welcome to Bodeg\u00f3n La Ca\u00f1ada<\/h2>\t\t\t\t<\/div>\n\t\t\t\t<div class=\"elementor-element elementor-element-1d4087d elementor-widget elementor-widget-text-editor\" data-id=\"1d4087d\" data-element_type=\"widget\" data-e-type=\"widget\" data-widget_type=\"text-editor.default\">\n\t\t\t\t\t\t\t\t\t<p>Bodeg\u00f3n La Ca\u00f1ada was born on October 9, 2008, as the dream of a family deeply connected to the hospitality industry. Our origins go back several generations: our paternal great-grandfather ran a tavern in Cumbres Mayores, and our grandfather dedicated his entire life to this profession, which we continue today with the same respect, passion, and dedication.<\/p><p>For us, La Ca\u00f1ada is more than just a bar; it's a home. From day one, we wanted it to be a meeting place, a space to celebrate, share, and enjoy life, where everyone who walks through the door feels right at home. The project began with a plot of land on Calle de las Ca\u00f1adas in La Palma del Condado, which we transformed into a traditional wine cellar: wooden ceilings, rustic bricks, farm implements, and a decor that pays homage to our roots and the land.<\/p><p>\u00a0<\/p>\t\t\t\t\t\t\t\t<\/div>\n\t\t\t\t<\/div>\n\t\t<div class=\"elementor-element elementor-element-c8c41aa e-con-full e-flex e-con e-child\" data-id=\"c8c41aa\" data-element_type=\"container\" data-e-type=\"container\" data-settings=\"{&quot;background_background&quot;:&quot;classic&quot;}\">\n\t\t\t\t<div class=\"elementor-element elementor-element-bec0a0d elementor-widget elementor-widget-spacer\" data-id=\"bec0a0d\" data-element_type=\"widget\" data-e-type=\"widget\" data-widget_type=\"spacer.default\">\n\t\t\t\t\t\t\t<div class=\"elementor-spacer\">\n\t\t\t<div class=\"elementor-spacer-inner\"><\/div>\n\t\t<\/div>\n\t\t\t\t\t\t<\/div>\n\t\t\t\t<\/div>\n\t\t\t\t\t<\/div>\n\t\t\t\t<\/div>\n\t\t<div class=\"elementor-element elementor-element-7755351 e-flex e-con-boxed e-con e-parent\" data-id=\"7755351\" data-element_type=\"container\" data-e-type=\"container\" data-settings=\"{&quot;background_background&quot;:&quot;classic&quot;}\">\n\t\t\t\t\t<div class=\"e-con-inner\">\n\t\t\t\t<div class=\"elementor-element elementor-element-9d9ab7f elementor-widget elementor-widget-heading\" data-id=\"9d9ab7f\" data-element_type=\"widget\" data-e-type=\"widget\" data-widget_type=\"heading.default\">\n\t\t\t\t\t<h2 class=\"elementor-heading-title elementor-size-default\">Order whatever you want, enjoy like never before!<\/h2>\t\t\t\t<\/div>\n\t\t\t\t<div class=\"elementor-element elementor-element-8f2452c elementor-align-center elementor-widget elementor-widget-button\" data-id=\"8f2452c\" data-element_type=\"widget\" data-e-type=\"widget\" data-widget_type=\"button.default\">\n\t\t\t\t\t\t\t\t\t\t<a class=\"elementor-button elementor-button-link elementor-size-sm elementor-animation-pop\" href=\"\/en\/servicios\/\">\n\t\t\t\t\t\t<span class=\"elementor-button-content-wrapper\">\n\t\t\t\t\t\t\t\t\t<span class=\"elementor-button-text\">Services<\/span>\n\t\t\t\t\t<\/span>\n\t\t\t\t\t<\/a>\n\t\t\t\t\t\t\t\t<\/div>\n\t\t\t\t\t<\/div>\n\t\t\t\t<\/div>\n\t\t<div class=\"elementor-element elementor-element-b823664 e-flex e-con-boxed e-con e-parent\" data-id=\"b823664\" data-element_type=\"container\" data-e-type=\"container\">\n\t\t\t\t\t<div class=\"e-con-inner\">\n\t\t<div class=\"elementor-element elementor-element-030e845 e-con-full e-flex e-con e-child\" data-id=\"030e845\" data-element_type=\"container\" data-e-type=\"container\" data-settings=\"{&quot;background_background&quot;:&quot;classic&quot;}\">\n\t\t\t\t<div class=\"elementor-element elementor-element-fc01ff4 elementor-widget elementor-widget-spacer\" data-id=\"fc01ff4\" data-element_type=\"widget\" data-e-type=\"widget\" data-widget_type=\"spacer.default\">\n\t\t\t\t\t\t\t<div class=\"elementor-spacer\">\n\t\t\t<div class=\"elementor-spacer-inner\"><\/div>\n\t\t<\/div>\n\t\t\t\t\t\t<\/div>\n\t\t\t\t<\/div>\n\t\t<div class=\"elementor-element elementor-element-5b31140 e-con-full e-flex e-con e-child\" data-id=\"5b31140\" data-element_type=\"container\" data-e-type=\"container\">\n\t\t\t\t<div class=\"elementor-element elementor-element-61c90c2 elementor-widget elementor-widget-heading\" data-id=\"61c90c2\" data-element_type=\"widget\" data-e-type=\"widget\" data-widget_type=\"heading.default\">\n\t\t\t\t\t<h2 class=\"elementor-heading-title elementor-size-default\">The Renaissance!<\/h2>\t\t\t\t<\/div>\n\t\t\t\t<div class=\"elementor-element elementor-element-5ae646e elementor-widget elementor-widget-text-editor\" data-id=\"5ae646e\" data-element_type=\"widget\" data-e-type=\"widget\" data-widget_type=\"text-editor.default\">\n\t\t\t\t\t\t\t\t\t<p>We are a family business dedicated to traditional Mediterranean and Andalusian cuisine, based on respect for the ingredients, time-honored recipes, and the love put into every dish. On February 25, 2021, our story took an unexpected turn. A fire destroyed everything. Nothing was left: no tables, no chairs, no equipment, no decorations\u2026 we even lost items of great sentimental value. Only ashes remained, but our desire to carry on never faded.<\/p><p>After ten months of hard work, renovations, and a lot of enthusiasm, we reopened our doors on December 9, 2021. We were reborn with a fresh new look, simpler d\u00e9cor, vaulted ceilings, and a warm and welcoming atmosphere, designed so that every customer feels at home again at La Ca\u00f1ada. We kept many of the dishes that have always been part of our menu, but we also added new offerings, combining Andalusian tradition with modern touches, without ever losing our identity. Today, Bodeg\u00f3n La Ca\u00f1ada remains what it always was: a story of family, hard work, perseverance, and a love for the hospitality industry. A place where the past and present meet around a table.<\/p>\t\t\t\t\t\t\t\t<\/div>\n\t\t\t\t<\/div>\n\t\t\t\t\t<\/div>\n\t\t\t\t<\/div>\n\t\t\t\t<\/div>","protected":false},"excerpt":{"rendered":"<p>Bodeg\u00f3n La Ca\u00f1ada Bienvenidos a Bodeg\u00f3n La Ca\u00f1ada Bodeg\u00f3n La Ca\u00f1ada nace el 9 de octubre de 2008 como el sue\u00f1o de una familia profundamente ligada a la hosteler\u00eda. Nuestros or\u00edgenes se remontan varias generaciones atr\u00e1s: nuestro bisabuelo paterno regentaba una cantina en Cumbres Mayores, y nuestro abuelo dedic\u00f3 toda su vida a este oficio [&hellip;]<\/p>\n","protected":false},"author":1,"featured_media":0,"parent":0,"menu_order":0,"comment_status":"closed","ping_status":"closed","template":"elementor_canvas","meta":{"footnotes":""},"class_list":["post-2","page","type-page","status-publish","hentry"],"yoast_head":"<!-- This site is optimized with the Yoast SEO plugin v27.4 - https:\/\/yoast.com\/product\/yoast-seo-wordpress\/ -->\n<title>Inicio - Bodeg\u00f3n La Ca\u00f1ada<\/title>\n<meta name=\"robots\" content=\"index, follow, max-snippet:-1, max-image-preview:large, max-video-preview:-1\" \/>\n<link rel=\"canonical\" href=\"https:\/\/bodegonlacanada.com\/en\/\" \/>\n<meta property=\"og:locale\" content=\"en_GB\" \/>\n<meta property=\"og:type\" content=\"article\" \/>\n<meta property=\"og:title\" content=\"Inicio - Bodeg\u00f3n La Ca\u00f1ada\" \/>\n<meta property=\"og:description\" content=\"Bodeg\u00f3n La Ca\u00f1ada Bienvenidos a Bodeg\u00f3n La Ca\u00f1ada Bodeg\u00f3n La Ca\u00f1ada nace el 9 de octubre de 2008 como el sue\u00f1o de una familia profundamente ligada a la hosteler\u00eda. Nuestros or\u00edgenes se remontan varias generaciones atr\u00e1s: nuestro bisabuelo paterno regentaba una cantina en Cumbres Mayores, y nuestro abuelo dedic\u00f3 toda su vida a este oficio [&hellip;]\" \/>\n<meta property=\"og:url\" content=\"https:\/\/bodegonlacanada.com\/en\/\" \/>\n<meta property=\"og:site_name\" content=\"Bodeg\u00f3n La Ca\u00f1ada\" \/>\n<meta property=\"article:modified_time\" content=\"2026-02-26T12:15:59+00:00\" \/>\n<meta name=\"twitter:card\" content=\"summary_large_image\" \/>\n<meta name=\"twitter:label1\" content=\"Estimated reading time\" \/>\n\t<meta name=\"twitter:data1\" content=\"2 minutes\" \/>\n<script type=\"application\/ld+json\" class=\"yoast-schema-graph\">{\"@context\":\"https:\\\/\\\/schema.org\",\"@graph\":[{\"@type\":\"WebPage\",\"@id\":\"https:\\\/\\\/bodegonlacanada.com\\\/\",\"url\":\"https:\\\/\\\/bodegonlacanada.com\\\/\",\"name\":\"Inicio - Bodeg\u00f3n La Ca\u00f1ada\",\"isPartOf\":{\"@id\":\"https:\\\/\\\/bodegonlacanada.com\\\/#website\"},\"datePublished\":\"2026-02-09T07:54:55+00:00\",\"dateModified\":\"2026-02-26T12:15:59+00:00\",\"breadcrumb\":{\"@id\":\"https:\\\/\\\/bodegonlacanada.com\\\/#breadcrumb\"},\"inLanguage\":\"en-GB\",\"potentialAction\":[{\"@type\":\"ReadAction\",\"target\":[\"https:\\\/\\\/bodegonlacanada.com\\\/\"]}]},{\"@type\":\"BreadcrumbList\",\"@id\":\"https:\\\/\\\/bodegonlacanada.com\\\/#breadcrumb\",\"itemListElement\":[{\"@type\":\"ListItem\",\"position\":1,\"name\":\"Portada\",\"item\":\"https:\\\/\\\/bodegonlacanada.com\\\/\"},{\"@type\":\"ListItem\",\"position\":2,\"name\":\"Inicio\"}]},{\"@type\":\"WebSite\",\"@id\":\"https:\\\/\\\/bodegonlacanada.com\\\/#website\",\"url\":\"https:\\\/\\\/bodegonlacanada.com\\\/\",\"name\":\"Bodeg\u00f3n La Ca\u00f1ada\",\"description\":\"Bodeg\u00f3n La Ca\u00f1ada\",\"publisher\":{\"@id\":\"https:\\\/\\\/bodegonlacanada.com\\\/#organization\"},\"potentialAction\":[{\"@type\":\"SearchAction\",\"target\":{\"@type\":\"EntryPoint\",\"urlTemplate\":\"https:\\\/\\\/bodegonlacanada.com\\\/?s={search_term_string}\"},\"query-input\":{\"@type\":\"PropertyValueSpecification\",\"valueRequired\":true,\"valueName\":\"search_term_string\"}}],\"inLanguage\":\"en-GB\"},{\"@type\":\"Organization\",\"@id\":\"https:\\\/\\\/bodegonlacanada.com\\\/#organization\",\"name\":\"Bodeg\u00f3n La Ca\u00f1ada\",\"url\":\"https:\\\/\\\/bodegonlacanada.com\\\/\",\"logo\":{\"@type\":\"ImageObject\",\"inLanguage\":\"en-GB\",\"@id\":\"https:\\\/\\\/bodegonlacanada.com\\\/#\\\/schema\\\/logo\\\/image\\\/\",\"url\":\"https:\\\/\\\/bodegonlacanada.com\\\/wp-content\\\/uploads\\\/2026\\\/02\\\/logo_web.png\",\"contentUrl\":\"https:\\\/\\\/bodegonlacanada.com\\\/wp-content\\\/uploads\\\/2026\\\/02\\\/logo_web.png\",\"width\":1080,\"height\":946,\"caption\":\"Bodeg\u00f3n La Ca\u00f1ada\"},\"image\":{\"@id\":\"https:\\\/\\\/bodegonlacanada.com\\\/#\\\/schema\\\/logo\\\/image\\\/\"}}]}<\/script>\n<!-- \/ Yoast SEO plugin. -->","yoast_head_json":{"title":"Inicio - Bodeg\u00f3n La Ca\u00f1ada","robots":{"index":"index","follow":"follow","max-snippet":"max-snippet:-1","max-image-preview":"max-image-preview:large","max-video-preview":"max-video-preview:-1"},"canonical":"https:\/\/bodegonlacanada.com\/en\/","og_locale":"en_GB","og_type":"article","og_title":"Inicio - Bodeg\u00f3n La Ca\u00f1ada","og_description":"Bodeg\u00f3n La Ca\u00f1ada Bienvenidos a Bodeg\u00f3n La Ca\u00f1ada Bodeg\u00f3n La Ca\u00f1ada nace el 9 de octubre de 2008 como el sue\u00f1o de una familia profundamente ligada a la hosteler\u00eda. Nuestros or\u00edgenes se remontan varias generaciones atr\u00e1s: nuestro bisabuelo paterno regentaba una cantina en Cumbres Mayores, y nuestro abuelo dedic\u00f3 toda su vida a este oficio [&hellip;]","og_url":"https:\/\/bodegonlacanada.com\/en\/","og_site_name":"Bodeg\u00f3n La Ca\u00f1ada","article_modified_time":"2026-02-26T12:15:59+00:00","twitter_card":"summary_large_image","twitter_misc":{"Estimated reading time":"2 minutes"},"schema":{"@context":"https:\/\/schema.org","@graph":[{"@type":"WebPage","@id":"https:\/\/bodegonlacanada.com\/","url":"https:\/\/bodegonlacanada.com\/","name":"Inicio - Bodeg\u00f3n La Ca\u00f1ada","isPartOf":{"@id":"https:\/\/bodegonlacanada.com\/#website"},"datePublished":"2026-02-09T07:54:55+00:00","dateModified":"2026-02-26T12:15:59+00:00","breadcrumb":{"@id":"https:\/\/bodegonlacanada.com\/#breadcrumb"},"inLanguage":"en-GB","potentialAction":[{"@type":"ReadAction","target":["https:\/\/bodegonlacanada.com\/"]}]},{"@type":"BreadcrumbList","@id":"https:\/\/bodegonlacanada.com\/#breadcrumb","itemListElement":[{"@type":"ListItem","position":1,"name":"Portada","item":"https:\/\/bodegonlacanada.com\/"},{"@type":"ListItem","position":2,"name":"Inicio"}]},{"@type":"WebSite","@id":"https:\/\/bodegonlacanada.com\/#website","url":"https:\/\/bodegonlacanada.com\/","name":"Bodeg\u00f3n La Ca\u00f1ada","description":"Bodeg\u00f3n La Ca\u00f1ada","publisher":{"@id":"https:\/\/bodegonlacanada.com\/#organization"},"potentialAction":[{"@type":"SearchAction","target":{"@type":"EntryPoint","urlTemplate":"https:\/\/bodegonlacanada.com\/?s={search_term_string}"},"query-input":{"@type":"PropertyValueSpecification","valueRequired":true,"valueName":"search_term_string"}}],"inLanguage":"en-GB"},{"@type":"Organization","@id":"https:\/\/bodegonlacanada.com\/#organization","name":"Bodeg\u00f3n La Ca\u00f1ada","url":"https:\/\/bodegonlacanada.com\/","logo":{"@type":"ImageObject","inLanguage":"en-GB","@id":"https:\/\/bodegonlacanada.com\/#\/schema\/logo\/image\/","url":"https:\/\/bodegonlacanada.com\/wp-content\/uploads\/2026\/02\/logo_web.png","contentUrl":"https:\/\/bodegonlacanada.com\/wp-content\/uploads\/2026\/02\/logo_web.png","width":1080,"height":946,"caption":"Bodeg\u00f3n La Ca\u00f1ada"},"image":{"@id":"https:\/\/bodegonlacanada.com\/#\/schema\/logo\/image\/"}}]}},"_links":{"self":[{"href":"https:\/\/bodegonlacanada.com\/en\/wp-json\/wp\/v2\/pages\/2","targetHints":{"allow":["GET"]}}],"collection":[{"href":"https:\/\/bodegonlacanada.com\/en\/wp-json\/wp\/v2\/pages"}],"about":[{"href":"https:\/\/bodegonlacanada.com\/en\/wp-json\/wp\/v2\/types\/page"}],"author":[{"embeddable":true,"href":"https:\/\/bodegonlacanada.com\/en\/wp-json\/wp\/v2\/users\/1"}],"replies":[{"embeddable":true,"href":"https:\/\/bodegonlacanada.com\/en\/wp-json\/wp\/v2\/comments?post=2"}],"version-history":[{"count":160,"href":"https:\/\/bodegonlacanada.com\/en\/wp-json\/wp\/v2\/pages\/2\/revisions"}],"predecessor-version":[{"id":660,"href":"https:\/\/bodegonlacanada.com\/en\/wp-json\/wp\/v2\/pages\/2\/revisions\/660"}],"wp:attachment":[{"href":"https:\/\/bodegonlacanada.com\/en\/wp-json\/wp\/v2\/media?parent=2"}],"curies":[{"name":"wp","href":"https:\/\/api.w.org\/{rel}","templated":true}]}}